{"id":279,"date":"2012-11-14T15:35:12","date_gmt":"2012-11-14T15:35:12","guid":{"rendered":"https:\/\/speelscharebe.webhosting.be\/nl\/?page_id=279"},"modified":"2012-11-14T15:38:00","modified_gmt":"2012-11-14T15:38:00","slug":"finnish","status":"publish","type":"page","link":"https:\/\/speelschare.be\/nl\/talen\/finnish\/","title":{"rendered":"Finnish"},"content":{"rendered":"<h3>Speelschare | Info | Biography | Finnish Version<\/h3>\n<p>The \u2018Speelschare\u2019 on ryhm\u00e4 nuoria 12-18-vuotiaita muusikoita Diksmuidesta ja sen l\u00e4hialueilta. Gino Malfait perusti orkesterin vuonna 1980 toimiessaan musiikinopettajana Sint-Aloysius High Schoolissa. Malfait on toiminut orkesterin johtajana t\u00e4h\u00e4n p\u00e4iv\u00e4\u00e4n asti.<\/p>\n<p>Orkesterin johtoajatus on alusta l\u00e4htien pysynyt samana; sen tarkoituksena on antaa kaikille nuorille mahdollisuus kokea se ainutlaatuinen tunne, joka syntyy musiikin tekemisest\u00e4 yhdess\u00e4.<\/p>\n<p>Speelschare on musikaalinen nuorisoliike, jota ei voi m\u00e4\u00e4ritell\u00e4 yksinkertaisesti torvisoittokunnaksi tai orkesteriksi, vaan kaikki instrumentit saavat vuoronsa. Orkesterissa onkin lukuisia viulun- ja kitaransoittajia.<\/p>\n<p>Speelscharella on tapana harjoitella joka viikko sunnuntaiaamuisin. Orkesterin soittolista on monipuolinen ja se sis\u00e4lt\u00e4\u00e4 pop- ja rock-kappaleiden lis\u00e4ksi klassisesta musiikista vaikutteita saaneita kappaleita sek\u00e4 jazzia.<\/p>\n<p>Orkesterin tarkoituksena on soittaa dynaamisesti nuoruuden hengess\u00e4. T\u00e4m\u00e4n saavuttamiseksi nuoret muusikot esiintyv\u00e4tkin l\u00e4pi vuoden useaan otteeseen. Ep\u00e4ilem\u00e4tt\u00e4 konserttikiertue kes\u00e4loman alkajaisiksi kruunaa koko vuoden aherruksen.<\/p>\n<p>Speelschare on jo aiemmin esiintynyt konserttikiertueilla Saksassa, Englannissa Alankomaissa, It\u00e4vallassa, Ranskassa, Tanskassa, Tsekin tasavallassa, Espanjassa, Sveitsiss\u00e4, Kreikassa, Sisiliassa, Portugalissa sek\u00e4 Irlannissa.<\/p>\n<p>Contact:<br \/>\nGino Malfait<br \/>\nGrote Dijk 11<br \/>\n8600 Diksmuide (Belgium)<br \/>\nTel. 003251\/50.37.70<br \/>\n<a href=\"mailto: gino.malfait@skynet.be\">gino.malfait@skynet.be<\/a><\/p>\n","protected":false},"excerpt":{"rendered":"<p>Speelschare | Info | Biography | Finnish Version The \u2018Speelschare\u2019 <\/p>\n<div class=\"read\"><a class=\"more-link\" href=\"https:\/\/speelschare.be\/nl\/talen\/finnish\/\">Lees verder \u2026<\/a><\/div>\n","protected":false},"author":2,"featured_media":0,"parent":206,"menu_order":0,"comment_status":"closed","ping_status":"closed","template":"","meta":{"footnotes":""},"class_list":["post-279","page","type-page","status-publish","hentry"],"_links":{"self":[{"href":"https:\/\/speelschare.be\/nl\/wp-json\/wp\/v2\/pages\/279","targetHints":{"allow":["GET"]}}],"collection":[{"href":"https:\/\/speelschare.be\/nl\/wp-json\/wp\/v2\/pages"}],"about":[{"href":"https:\/\/speelschare.be\/nl\/wp-json\/wp\/v2\/types\/page"}],"author":[{"embeddable":true,"href":"https:\/\/speelschare.be\/nl\/wp-json\/wp\/v2\/users\/2"}],"replies":[{"embeddable":true,"href":"https:\/\/speelschare.be\/nl\/wp-json\/wp\/v2\/comments?post=279"}],"version-history":[{"count":3,"href":"https:\/\/speelschare.be\/nl\/wp-json\/wp\/v2\/pages\/279\/revisions"}],"predecessor-version":[{"id":282,"href":"https:\/\/speelschare.be\/nl\/wp-json\/wp\/v2\/pages\/279\/revisions\/282"}],"up":[{"embeddable":true,"href":"https:\/\/speelschare.be\/nl\/wp-json\/wp\/v2\/pages\/206"}],"wp:attachment":[{"href":"https:\/\/speelschare.be\/nl\/wp-json\/wp\/v2\/media?parent=279"}],"curies":[{"name":"wp","href":"https:\/\/api.w.org\/{rel}","templated":true}]}}