{"id":241,"date":"2012-11-13T16:01:48","date_gmt":"2012-11-13T16:01:48","guid":{"rendered":"https:\/\/speelscharebe.webhosting.be\/nl\/?page_id=241"},"modified":"2012-11-13T16:05:07","modified_gmt":"2012-11-13T16:05:07","slug":"frans","status":"publish","type":"page","link":"https:\/\/speelschare.be\/nl\/talen\/frans\/","title":{"rendered":"Frans"},"content":{"rendered":"<h3>Speelschare | Info | Biography | French Version<\/h3>\n<p>La &#8220;Speelschare&#8221; est un ensemble de jeunes musiciens de la r\u00e9gion de Diksmuide (Flandre-Occidentale; Belgique). L\u2019orchestre fut fond\u00e9 en 1980 par Gino Malfait, \u00e0 cette \u00e9poque professeur au Coll\u00e8ge Saint-Louis \u00e0 Diksmuide. Jusqu\u2019\u00e0 nos jours, il assure la direction g\u00e9n\u00e9rale de l\u2019ensemble.<br \/>\nLe fil rouge dans toutes les activit\u00e9s de l\u2019ensemble reste le plaisir de faire de la musique en groupe.<\/p>\n<p>La &#8220;Speelschare&#8221; peut \u00eatre qualifi\u00e9e de &#8220;mouvement de jeunesse musical&#8221;. Elle n\u2019est pas une fanfare ou une harmonie. En effet, tous les instruments sont int\u00e9gr\u00e9s dans l\u2019orchestre. Ainsi, il y a quelques violonistes et guitaristes.<\/p>\n<p>L\u2019ensemble a ses r\u00e9p\u00e9titions chaque dimanche matin. Le r\u00e9pertoire est vari\u00e9 et contient des transcriptions de num\u00e9ros rock ou pop ainsi que des arrangements d\u2019oeuvres classiques ou jazz.<\/p>\n<p>L\u2019orchestre vise des activit\u00e9s dynamiques et jeunes. Ainsi, les jeunes musiciens donnent des concerts tr\u00e8s vari\u00e9s tout au long de l\u2019ann\u00e9e. Le point culminant chaque ann\u00e9e est certainement le voyage \u00e0 concerts au d\u00e9but des vacances d\u2019\u00e9t\u00e9. Les jeunes ont d\u00e9j\u00e0 donn\u00e9 des concerts en Allemagne, en France, en Angleterre, aux Pays-Bas, en Autriche, au Danemark, en R\u00e9publique Tch\u00e8que, en Espagne, en Gr\u00e8ce, en Sicile, au Portugal et en Irlande.<\/p>\n<p>Contact:<br \/>\nGino Malfait<br \/>\nGrote Dijk 11<br \/>\n8600 Diksmuide (Belgium)<br \/>\nTel. 003251\/50.37.70<br \/>\n<a href=\"mailto: gino.malfait@skynet.be\">gino.malfait@skynet.be<\/a><\/p>\n","protected":false},"excerpt":{"rendered":"<p>Speelschare | Info | Biography | French Version La &#8220;Speelschare&#8221; <\/p>\n<div class=\"read\"><a class=\"more-link\" href=\"https:\/\/speelschare.be\/nl\/talen\/frans\/\">Lees verder \u2026<\/a><\/div>\n","protected":false},"author":2,"featured_media":0,"parent":206,"menu_order":0,"comment_status":"closed","ping_status":"closed","template":"","meta":{"footnotes":""},"class_list":["post-241","page","type-page","status-publish","hentry"],"_links":{"self":[{"href":"https:\/\/speelschare.be\/nl\/wp-json\/wp\/v2\/pages\/241","targetHints":{"allow":["GET"]}}],"collection":[{"href":"https:\/\/speelschare.be\/nl\/wp-json\/wp\/v2\/pages"}],"about":[{"href":"https:\/\/speelschare.be\/nl\/wp-json\/wp\/v2\/types\/page"}],"author":[{"embeddable":true,"href":"https:\/\/speelschare.be\/nl\/wp-json\/wp\/v2\/users\/2"}],"replies":[{"embeddable":true,"href":"https:\/\/speelschare.be\/nl\/wp-json\/wp\/v2\/comments?post=241"}],"version-history":[{"count":4,"href":"https:\/\/speelschare.be\/nl\/wp-json\/wp\/v2\/pages\/241\/revisions"}],"predecessor-version":[{"id":251,"href":"https:\/\/speelschare.be\/nl\/wp-json\/wp\/v2\/pages\/241\/revisions\/251"}],"up":[{"embeddable":true,"href":"https:\/\/speelschare.be\/nl\/wp-json\/wp\/v2\/pages\/206"}],"wp:attachment":[{"href":"https:\/\/speelschare.be\/nl\/wp-json\/wp\/v2\/media?parent=241"}],"curies":[{"name":"wp","href":"https:\/\/api.w.org\/{rel}","templated":true}]}}